{"id":11320,"date":"2023-03-09T21:40:33","date_gmt":"2023-03-09T21:40:33","guid":{"rendered":"https:\/\/cleodworp.be\/?post_type=product&#038;p=11320"},"modified":"2023-03-24T15:28:38","modified_gmt":"2023-03-24T15:28:38","slug":"baobab-body-en-sticks-black","status":"publish","type":"product","link":"https:\/\/cleodworp.be\/fr\/produit\/baobab-body-en-sticks-black\/","title":{"rendered":"BAOBAB CORPS ET B\u00c2TONS NOIR"},"content":{"rendered":"<div class=\"accordion-content__inner\">\n<div class=\"accordion-content__entry accordion-content__entry--truncate\">Les b\u00e2tonnets de nos diffuseurs de parfum sont s\u00e9lectionn\u00e9s avec le plus grand soin pour offrir une diffusion progressive et constante gr\u00e2ce \u00e0 leur capillarit\u00e9 exceptionnelle. Ils sont fabriqu\u00e9s en rotin naturel et conditionn\u00e9s par 14, 10 ou 12 selon le contenu de votre<\/div>\n<\/div>","protected":false},"excerpt":{"rendered":"<p>Les b\u00e2tonnets de nos diffuseurs de parfum sont s\u00e9lectionn\u00e9s avec le plus grand soin pour offrir une diffusion progressive et constante gr\u00e2ce \u00e0 leur capillarit\u00e9 exceptionnelle. Ils sont fabriqu\u00e9s en rotin naturel et conditionn\u00e9s par 14, 10 ou 12 selon le contenu de votre<\/p>","protected":false},"featured_media":11322,"template":"","meta":{"om_disable_all_campaigns":false,"_monsterinsights_skip_tracking":false,"_monsterinsights_sitenote_active":false,"_monsterinsights_sitenote_note":"","_monsterinsights_sitenote_category":0},"product_brand":[],"product_cat":[85,94],"product_tag":[89],"class_list":{"0":"post-11320","1":"product","2":"type-product","3":"status-publish","4":"has-post-thumbnail","6":"product_cat-accessoires","7":"product_cat-diffuser","8":"product_tag-baobab","10":"first","11":"instock","12":"shipping-taxable","13":"product-type-simple"},"aioseo_notices":[],"jetpack_sharing_enabled":true,"_links":{"self":[{"href":"https:\/\/cleodworp.be\/fr\/wp-json\/wp\/v2\/product\/11320","targetHints":{"allow":["GET"]}}],"collection":[{"href":"https:\/\/cleodworp.be\/fr\/wp-json\/wp\/v2\/product"}],"about":[{"href":"https:\/\/cleodworp.be\/fr\/wp-json\/wp\/v2\/types\/product"}],"wp:featuredmedia":[{"embeddable":true,"href":"https:\/\/cleodworp.be\/fr\/wp-json\/wp\/v2\/media\/11322"}],"wp:attachment":[{"href":"https:\/\/cleodworp.be\/fr\/wp-json\/wp\/v2\/media?parent=11320"}],"wp:term":[{"taxonomy":"product_brand","embeddable":true,"href":"https:\/\/cleodworp.be\/fr\/wp-json\/wp\/v2\/product_brand?post=11320"},{"taxonomy":"product_cat","embeddable":true,"href":"https:\/\/cleodworp.be\/fr\/wp-json\/wp\/v2\/product_cat?post=11320"},{"taxonomy":"product_tag","embeddable":true,"href":"https:\/\/cleodworp.be\/fr\/wp-json\/wp\/v2\/product_tag?post=11320"}],"curies":[{"name":"wp","href":"https:\/\/api.w.org\/{rel}","templated":true}]}}