{"id":11275,"date":"2023-03-09T15:00:18","date_gmt":"2023-03-09T15:00:18","guid":{"rendered":"https:\/\/cleodworp.be\/?post_type=product&#038;p=11275"},"modified":"2023-03-24T15:28:39","modified_gmt":"2023-03-24T15:28:39","slug":"baobab-geschenkdoos-women","status":"publish","type":"product","link":"https:\/\/cleodworp.be\/fr\/produit\/baobab-geschenkdoos-women\/","title":{"rendered":"COFFRET CADEAU BAOBAB WOMEN"},"content":{"rendered":"<div class=\"accordion__wrapper\">\n<div id=\"description-main\" class=\"accordion__body\" data-accordion-body=\"\">\n<div class=\"accordion-content__holder accordion-content__holder--truncate\" data-truncated-holder=\"\">\n<div class=\"accordion-content__inner\">\n<div class=\"accordion-content__entry\" data-truncated-content=\"accordion-content__entry--truncate\">\n<div class=\"accordion-content__inner\">\n<div class=\"accordion-content__entry accordion-content__entry--truncate\">\n<div class=\"accordion-content__inner\">\n<div class=\"accordion-content__entry accordion-content__entry--truncate\">\n<div class=\"accordion-content__inner\">\n<div class=\"accordion-content__entry accordion-content__entry--truncate\">La bougie en verre parfum\u00e9e et le diffuseur de parfum de luxe Ladies pr\u00e9sentent un d\u00e9cor en s\u00e9rigraphie or et rose poudr\u00e9. Ce d\u00e9cor est trait\u00e9 comme une impression graphique et repr\u00e9sente la f\u00e9minit\u00e9. La senteur de la rose poudr\u00e9e et du musc agr\u00e9mente cet ensemble de parfums d'ambiance.<\/div>\n<\/div>\n<\/div>\n<\/div>\n<\/div>\n<\/div>\n<\/div>\n<div class=\"accordion__wrapper\">\n<div id=\"description-main\" class=\"accordion__body\" data-accordion-body=\"\">\n<div class=\"accordion-content__holder accordion-content__holder--truncate\" data-truncated-holder=\"\">\n<div class=\"accordion-content__inner\">\n<div class=\"accordion-content__entry\" data-truncated-content=\"accordion-content__entry--truncate\">\n<p>8cm | 190gr | 1 m\u00e8che<\/p>\n<\/div>\n<\/div>\n<\/div>\n<\/div>\n<\/div>\n<\/div>\n<\/div>\n<\/div>\n<\/div>","protected":false},"excerpt":{"rendered":"<p>De geurkaars in glas en de luxe geurverspreider Dames zijn voorzien van een gouden en poederroze zeefdrukdecoratie. Deze decoratie wordt behandeld als een grafische print en vertegenwoordigt het vrouwelijke. De geur van poederachtige roos en musk maakt deze huisgeurset. 8cm | 190gr | 1 wiek | Branduren<\/p>","protected":false},"featured_media":11277,"template":"","meta":{"om_disable_all_campaigns":false,"_monsterinsights_skip_tracking":false,"_monsterinsights_sitenote_active":false,"_monsterinsights_sitenote_note":"","_monsterinsights_sitenote_category":0},"product_brand":[],"product_cat":[85,95],"product_tag":[89],"class_list":{"0":"post-11275","1":"product","2":"type-product","3":"status-publish","4":"has-post-thumbnail","6":"product_cat-accessoires","7":"product_cat-geschenkdoos","8":"product_tag-baobab","10":"first","11":"instock","12":"shipping-taxable","13":"product-type-simple"},"aioseo_notices":[],"jetpack_sharing_enabled":true,"_links":{"self":[{"href":"https:\/\/cleodworp.be\/fr\/wp-json\/wp\/v2\/product\/11275","targetHints":{"allow":["GET"]}}],"collection":[{"href":"https:\/\/cleodworp.be\/fr\/wp-json\/wp\/v2\/product"}],"about":[{"href":"https:\/\/cleodworp.be\/fr\/wp-json\/wp\/v2\/types\/product"}],"wp:featuredmedia":[{"embeddable":true,"href":"https:\/\/cleodworp.be\/fr\/wp-json\/wp\/v2\/media\/11277"}],"wp:attachment":[{"href":"https:\/\/cleodworp.be\/fr\/wp-json\/wp\/v2\/media?parent=11275"}],"wp:term":[{"taxonomy":"product_brand","embeddable":true,"href":"https:\/\/cleodworp.be\/fr\/wp-json\/wp\/v2\/product_brand?post=11275"},{"taxonomy":"product_cat","embeddable":true,"href":"https:\/\/cleodworp.be\/fr\/wp-json\/wp\/v2\/product_cat?post=11275"},{"taxonomy":"product_tag","embeddable":true,"href":"https:\/\/cleodworp.be\/fr\/wp-json\/wp\/v2\/product_tag?post=11275"}],"curies":[{"name":"wp","href":"https:\/\/api.w.org\/{rel}","templated":true}]}}