{"id":11270,"date":"2023-03-09T14:48:35","date_gmt":"2023-03-09T14:48:35","guid":{"rendered":"https:\/\/cleodworp.be\/?post_type=product&#038;p=11270"},"modified":"2023-03-24T15:28:39","modified_gmt":"2023-03-24T15:28:39","slug":"baobab-geschenkdoos-a-saint-tropez","status":"publish","type":"product","link":"https:\/\/cleodworp.be\/fr\/produit\/baobab-geschenkdoos-a-saint-tropez\/","title":{"rendered":"COFFRET CADEAU BAOBAB \u00c0 SAINT-TROPEZ"},"content":{"rendered":"<div class=\"accordion__wrapper\">\n<div id=\"description-main\" class=\"accordion__body\" data-accordion-body=\"\">\n<div class=\"accordion-content__holder accordion-content__holder--truncate\" data-truncated-holder=\"\">\n<div class=\"accordion-content__inner\">\n<div class=\"accordion-content__entry\" data-truncated-content=\"accordion-content__entry--truncate\">\n<div class=\"accordion-content__inner\">\n<div class=\"accordion-content__entry accordion-content__entry--truncate\">\n<div class=\"accordion-content__inner\">\n<div class=\"accordion-content__entry accordion-content__entry--truncate\">La bougie parfum\u00e9e et le diffuseur Baobab Collection Saint Tropez sont d\u00e9cor\u00e9s d'une s\u00e9rigraphie multicolore et dor\u00e9e des toits des maisons du village, en hommage au clocher mythique.<\/div>\n<\/div>\n<\/div>\n<\/div>\n<\/div>\n<div class=\"accordion__wrapper\">\n<div id=\"description-main\" class=\"accordion__body\" data-accordion-body=\"\">\n<div class=\"accordion-content__holder accordion-content__holder--truncate\" data-truncated-holder=\"\">\n<div class=\"accordion-content__inner\">\n<div class=\"accordion-content__entry\" data-truncated-content=\"accordion-content__entry--truncate\">\n<p>8cm | 190gr | 1 m\u00e8che<\/p>\n<\/div>\n<\/div>\n<\/div>\n<\/div>\n<\/div>\n<\/div>\n<\/div>\n<\/div>\n<\/div>","protected":false},"excerpt":{"rendered":"<p>De Baobab Collection Saint Tropez geurkaars en diffuser zijn versierd met een veelkleurige en gouden zeefdruk van de daken van de huizen van het dorp, als eerbetoon aan de mythische klokkentoren. 8cm | 190gr | 1 wiek | Branduren<\/p>","protected":false},"featured_media":11271,"template":"","meta":{"om_disable_all_campaigns":false,"_monsterinsights_skip_tracking":false,"_monsterinsights_sitenote_active":false,"_monsterinsights_sitenote_note":"","_monsterinsights_sitenote_category":0},"product_brand":[],"product_cat":[85,95],"product_tag":[89],"class_list":{"0":"post-11270","1":"product","2":"type-product","3":"status-publish","4":"has-post-thumbnail","6":"product_cat-accessoires","7":"product_cat-geschenkdoos","8":"product_tag-baobab","10":"first","11":"instock","12":"shipping-taxable","13":"product-type-simple"},"aioseo_notices":[],"jetpack_sharing_enabled":true,"_links":{"self":[{"href":"https:\/\/cleodworp.be\/fr\/wp-json\/wp\/v2\/product\/11270","targetHints":{"allow":["GET"]}}],"collection":[{"href":"https:\/\/cleodworp.be\/fr\/wp-json\/wp\/v2\/product"}],"about":[{"href":"https:\/\/cleodworp.be\/fr\/wp-json\/wp\/v2\/types\/product"}],"wp:featuredmedia":[{"embeddable":true,"href":"https:\/\/cleodworp.be\/fr\/wp-json\/wp\/v2\/media\/11271"}],"wp:attachment":[{"href":"https:\/\/cleodworp.be\/fr\/wp-json\/wp\/v2\/media?parent=11270"}],"wp:term":[{"taxonomy":"product_brand","embeddable":true,"href":"https:\/\/cleodworp.be\/fr\/wp-json\/wp\/v2\/product_brand?post=11270"},{"taxonomy":"product_cat","embeddable":true,"href":"https:\/\/cleodworp.be\/fr\/wp-json\/wp\/v2\/product_cat?post=11270"},{"taxonomy":"product_tag","embeddable":true,"href":"https:\/\/cleodworp.be\/fr\/wp-json\/wp\/v2\/product_tag?post=11270"}],"curies":[{"name":"wp","href":"https:\/\/api.w.org\/{rel}","templated":true}]}}