{"id":11268,"date":"2023-03-09T14:46:28","date_gmt":"2023-03-09T14:46:28","guid":{"rendered":"https:\/\/cleodworp.be\/?post_type=product&#038;p=11268"},"modified":"2023-03-24T15:28:39","modified_gmt":"2023-03-24T15:28:39","slug":"baobab-geschenkdoos-miami","status":"publish","type":"product","link":"https:\/\/cleodworp.be\/fr\/produit\/baobab-geschenkdoos-miami\/","title":{"rendered":"COFFRET CADEAU BAOBAB MIAMI"},"content":{"rendered":"<div class=\"accordion__wrapper\">\n<div id=\"description-main\" class=\"accordion__body\" data-accordion-body=\"\">\n<div class=\"accordion-content__holder accordion-content__holder--truncate\" data-truncated-holder=\"\">\n<div class=\"accordion-content__inner\">\n<div class=\"accordion-content__entry\" data-truncated-content=\"accordion-content__entry--truncate\">\n<div class=\"accordion-content__inner\">\n<div class=\"accordion-content__entry accordion-content__entry--truncate\">\n<div class=\"accordion-content__inner\">\n<div class=\"accordion-content__entry accordion-content__entry--truncate\">\n<div>La bougie parfum\u00e9e et le diffuseur Miami sont d\u00e9cor\u00e9s d'une s\u00e9rigraphie dans des tons pastel et or qui refl\u00e8tent l'architecture des b\u00e2timents Art D\u00e9co de South Beach.<\/div>\n<\/div>\n<\/div>\n<\/div>\n<\/div>\n<\/div>\n<div class=\"accordion__wrapper\">\n<div id=\"description-main\" class=\"accordion__body\" data-accordion-body=\"\">\n<div class=\"accordion-content__holder accordion-content__holder--truncate\" data-truncated-holder=\"\">\n<div class=\"accordion-content__inner\">\n<div class=\"accordion-content__entry\" data-truncated-content=\"accordion-content__entry--truncate\">\n<p>8cm | 190gr | 1 m\u00e8che<\/p>\n<\/div>\n<\/div>\n<\/div>\n<\/div>\n<\/div>\n<\/div>\n<\/div>\n<\/div>\n<\/div>","protected":false},"excerpt":{"rendered":"<p>De Miami geurkaars en diffuser zijn versierd met een zeefdruk in pasteltinten en goudtinten die de architectuur van de Art D\u00e9co-gebouwen van South Beach weerspiegelen. 8cm | 190gr | 1 wiek | Branduren<\/p>","protected":false},"featured_media":11269,"template":"","meta":{"om_disable_all_campaigns":false,"_monsterinsights_skip_tracking":false,"_monsterinsights_sitenote_active":false,"_monsterinsights_sitenote_note":"","_monsterinsights_sitenote_category":0},"product_brand":[],"product_cat":[85,95],"product_tag":[89],"class_list":{"0":"post-11268","1":"product","2":"type-product","3":"status-publish","4":"has-post-thumbnail","6":"product_cat-accessoires","7":"product_cat-geschenkdoos","8":"product_tag-baobab","10":"first","11":"instock","12":"shipping-taxable","13":"product-type-simple"},"aioseo_notices":[],"jetpack_sharing_enabled":true,"_links":{"self":[{"href":"https:\/\/cleodworp.be\/fr\/wp-json\/wp\/v2\/product\/11268","targetHints":{"allow":["GET"]}}],"collection":[{"href":"https:\/\/cleodworp.be\/fr\/wp-json\/wp\/v2\/product"}],"about":[{"href":"https:\/\/cleodworp.be\/fr\/wp-json\/wp\/v2\/types\/product"}],"wp:featuredmedia":[{"embeddable":true,"href":"https:\/\/cleodworp.be\/fr\/wp-json\/wp\/v2\/media\/11269"}],"wp:attachment":[{"href":"https:\/\/cleodworp.be\/fr\/wp-json\/wp\/v2\/media?parent=11268"}],"wp:term":[{"taxonomy":"product_brand","embeddable":true,"href":"https:\/\/cleodworp.be\/fr\/wp-json\/wp\/v2\/product_brand?post=11268"},{"taxonomy":"product_cat","embeddable":true,"href":"https:\/\/cleodworp.be\/fr\/wp-json\/wp\/v2\/product_cat?post=11268"},{"taxonomy":"product_tag","embeddable":true,"href":"https:\/\/cleodworp.be\/fr\/wp-json\/wp\/v2\/product_tag?post=11268"}],"curies":[{"name":"wp","href":"https:\/\/api.w.org\/{rel}","templated":true}]}}