{"id":11264,"date":"2023-03-09T14:42:48","date_gmt":"2023-03-09T14:42:48","guid":{"rendered":"https:\/\/cleodworp.be\/?post_type=product&#038;p=11264"},"modified":"2023-03-24T15:28:39","modified_gmt":"2023-03-24T15:28:39","slug":"baobab-paris-2","status":"publish","type":"product","link":"https:\/\/cleodworp.be\/fr\/produit\/baobab-paris-2\/","title":{"rendered":"BAOBAB PARIS"},"content":{"rendered":"<div class=\"accordion__wrapper\">\n<div id=\"description-main\" class=\"accordion__body\" data-accordion-body=\"\">\n<div class=\"accordion-content__holder accordion-content__holder--truncate\" data-truncated-holder=\"\">\n<div class=\"accordion-content__inner\">\n<div class=\"accordion-content__entry\" data-truncated-content=\"accordion-content__entry--truncate\">\n<div class=\"accordion-content__inner\">\n<div class=\"accordion-content__entry accordion-content__entry--truncate\">\n<p>Le diffuseur de parfum d'ambiance Paris est d\u00e9cor\u00e9 d'une s\u00e9rigraphie rose poudr\u00e9 et or repr\u00e9sentant la structure stylis\u00e9e du dessous de la Tour Eiffel. Nous c\u00e9l\u00e9brons le beau mois de mai \u00e0 Paris, avec des souvenirs de marronniers et de fleurs.<\/p>\n<\/div>\n<\/div>\n<\/div>\n<div class=\"accordion__wrapper\">\n<div id=\"description-main\" class=\"accordion__body\" data-accordion-body=\"\">\n<div class=\"accordion-content__holder accordion-content__holder--truncate\" data-truncated-holder=\"\">\n<div class=\"accordion-content__inner\">\n<div class=\"accordion-content__entry\" data-truncated-content=\"accordion-content__entry--truncate\">\n<p>16 cm | 250 ml<\/p>\n<\/div>\n<\/div>\n<\/div>\n<\/div>\n<\/div>\n<\/div>\n<\/div>\n<\/div>\n<\/div>","protected":false},"excerpt":{"rendered":"<p>De Paris geurverspreider voor thuis is versierd met een poederroze en gouden zeefdruk die de gestileerde structuur van de onderkant van de Eiffeltoren laat zien. We vieren de mooie maand mei in Parijs, met herinneringen aan kastanjebomen en bloeiende 16 cm | 250 ml<\/p>","protected":false},"featured_media":11265,"template":"","meta":{"om_disable_all_campaigns":false,"_monsterinsights_skip_tracking":false,"_monsterinsights_sitenote_active":false,"_monsterinsights_sitenote_note":"","_monsterinsights_sitenote_category":0},"product_brand":[],"product_cat":[85,94],"product_tag":[89],"class_list":{"0":"post-11264","1":"product","2":"type-product","3":"status-publish","4":"has-post-thumbnail","6":"product_cat-accessoires","7":"product_cat-diffuser","8":"product_tag-baobab","10":"first","11":"instock","12":"shipping-taxable","13":"product-type-simple"},"aioseo_notices":[],"jetpack_sharing_enabled":true,"_links":{"self":[{"href":"https:\/\/cleodworp.be\/fr\/wp-json\/wp\/v2\/product\/11264","targetHints":{"allow":["GET"]}}],"collection":[{"href":"https:\/\/cleodworp.be\/fr\/wp-json\/wp\/v2\/product"}],"about":[{"href":"https:\/\/cleodworp.be\/fr\/wp-json\/wp\/v2\/types\/product"}],"wp:featuredmedia":[{"embeddable":true,"href":"https:\/\/cleodworp.be\/fr\/wp-json\/wp\/v2\/media\/11265"}],"wp:attachment":[{"href":"https:\/\/cleodworp.be\/fr\/wp-json\/wp\/v2\/media?parent=11264"}],"wp:term":[{"taxonomy":"product_brand","embeddable":true,"href":"https:\/\/cleodworp.be\/fr\/wp-json\/wp\/v2\/product_brand?post=11264"},{"taxonomy":"product_cat","embeddable":true,"href":"https:\/\/cleodworp.be\/fr\/wp-json\/wp\/v2\/product_cat?post=11264"},{"taxonomy":"product_tag","embeddable":true,"href":"https:\/\/cleodworp.be\/fr\/wp-json\/wp\/v2\/product_tag?post=11264"}],"curies":[{"name":"wp","href":"https:\/\/api.w.org\/{rel}","templated":true}]}}