{"id":11035,"date":"2023-03-09T09:17:48","date_gmt":"2023-03-09T09:17:48","guid":{"rendered":"https:\/\/cleodworp.be\/?post_type=product&#038;p=11035"},"modified":"2023-03-24T15:28:39","modified_gmt":"2023-03-24T15:28:39","slug":"baobab-rio","status":"publish","type":"product","link":"https:\/\/cleodworp.be\/fr\/produit\/baobab-rio\/","title":{"rendered":"BAOBAB RIO"},"content":{"rendered":"<div>Le verre souffl\u00e9 \u00e0 la bouche de la bougie parfum\u00e9e Rio est d\u00e9cor\u00e9 de la ligne d'horizon stylis\u00e9e de Rio de Janeiro dans une gamme de couleurs or et pastel. Dans le motif s\u00e9rigraphi\u00e9, vous reconna\u00eetrez la c\u00e9l\u00e8bre architecture du mus\u00e9e d'art contemporain d'Oscar Niemeyer \u00e0 Niter\u00f3i, les chemins de mosa\u00efque le long de la plage mythique d'Ipanema et les contours enjou\u00e9s du mont Sugarloaf, baign\u00e9 par le soleil tropical.<\/div>\n<div><\/div>\n<div>8cm | 190gr | 1 m\u00e8che | Dur\u00e9e 30h<\/div>","protected":false},"excerpt":{"rendered":"<p>Het mondgeblazen glas van de Rio-geurkaars is versierd met de gestileerde skyline van Rio de Janeiro in een waaier van goud en pastelkleuren. In het gezeefdrukt design herkent u de beroemde architectuur van Oscar Niemeyers Museum voor Hedendaagse Kunst in Niter\u00f3i, de moza\u00efekpaden langs het mythische strand van Ipanema en de speelse contouren van de [&hellip;]<\/p>\n","protected":false},"featured_media":11048,"template":"","meta":{"om_disable_all_campaigns":false,"_monsterinsights_skip_tracking":false,"_monsterinsights_sitenote_active":false,"_monsterinsights_sitenote_note":"","_monsterinsights_sitenote_category":0},"product_brand":[],"product_cat":[85,86],"product_tag":[89],"class_list":{"0":"post-11035","1":"product","2":"type-product","3":"status-publish","4":"has-post-thumbnail","6":"product_cat-accessoires","7":"product_cat-kaarsen","8":"product_tag-baobab","10":"first","11":"instock","12":"shipping-taxable","13":"product-type-simple"},"aioseo_notices":[],"jetpack_sharing_enabled":true,"_links":{"self":[{"href":"https:\/\/cleodworp.be\/fr\/wp-json\/wp\/v2\/product\/11035","targetHints":{"allow":["GET"]}}],"collection":[{"href":"https:\/\/cleodworp.be\/fr\/wp-json\/wp\/v2\/product"}],"about":[{"href":"https:\/\/cleodworp.be\/fr\/wp-json\/wp\/v2\/types\/product"}],"wp:featuredmedia":[{"embeddable":true,"href":"https:\/\/cleodworp.be\/fr\/wp-json\/wp\/v2\/media\/11048"}],"wp:attachment":[{"href":"https:\/\/cleodworp.be\/fr\/wp-json\/wp\/v2\/media?parent=11035"}],"wp:term":[{"taxonomy":"product_brand","embeddable":true,"href":"https:\/\/cleodworp.be\/fr\/wp-json\/wp\/v2\/product_brand?post=11035"},{"taxonomy":"product_cat","embeddable":true,"href":"https:\/\/cleodworp.be\/fr\/wp-json\/wp\/v2\/product_cat?post=11035"},{"taxonomy":"product_tag","embeddable":true,"href":"https:\/\/cleodworp.be\/fr\/wp-json\/wp\/v2\/product_tag?post=11035"}],"curies":[{"name":"wp","href":"https:\/\/api.w.org\/{rel}","templated":true}]}}